{"id":852,"date":"2023-07-31T21:42:37","date_gmt":"2023-07-31T21:42:37","guid":{"rendered":"https:\/\/mariaalexandra.suarezrios.com\/?post_type=product&#038;p=852"},"modified":"2025-12-02T22:12:58","modified_gmt":"2025-12-02T22:12:58","slug":"experiencia-conectar-se","status":"publish","type":"product","link":"https:\/\/mariaalexandra.suarezrios.com\/?product=experiencia-conectar-se","title":{"rendered":"Experiencia Conectar-Se"},"content":{"rendered":"<p style=\"text-align: center;\"><a href=\"https:\/\/mariaalexandra.suarezrios.com\/wp-content\/uploads\/2023\/07\/WhatsApp-Image-2023-08-10-at-6.38.12-PM.jpeg\"><img fetchpriority=\"high\" decoding=\"async\" class=\"alignnone size-medium wp-image-906\" src=\"https:\/\/mariaalexandra.suarezrios.com\/wp-content\/uploads\/2023\/07\/WhatsApp-Image-2023-08-10-at-6.38.12-PM-225x300.jpeg\" alt=\"\" width=\"225\" height=\"300\" srcset=\"https:\/\/mariaalexandra.suarezrios.com\/wp-content\/uploads\/2023\/07\/WhatsApp-Image-2023-08-10-at-6.38.12-PM-225x300.jpeg 225w, https:\/\/mariaalexandra.suarezrios.com\/wp-content\/uploads\/2023\/07\/WhatsApp-Image-2023-08-10-at-6.38.12-PM-416x555.jpeg 416w, https:\/\/mariaalexandra.suarezrios.com\/wp-content\/uploads\/2023\/07\/WhatsApp-Image-2023-08-10-at-6.38.12-PM-768x1024.jpeg 768w, https:\/\/mariaalexandra.suarezrios.com\/wp-content\/uploads\/2023\/07\/WhatsApp-Image-2023-08-10-at-6.38.12-PM-1152x1536.jpeg 1152w, https:\/\/mariaalexandra.suarezrios.com\/wp-content\/uploads\/2023\/07\/WhatsApp-Image-2023-08-10-at-6.38.12-PM.jpeg 1200w\" sizes=\"(max-width: 225px) 100vw, 225px\" \/><\/a><\/p>\n<p style=\"text-align: center;\">Es poder encontrar esas respuestas conect\u00e1ndonos con nuestra sabidur\u00eda. Esta experiencia es un espacio y tiempo consciente, siendo un espacio alucinante, para dedicar a uno mismo, y m\u00e1s impactante cuando lo hacemos rodeado de naturaleza, siendo la naturaleza el mejor lugar donde nos podemos conectar, con el mundo interior y volver a conectar con la realidad desde una nueva perspectiva.<\/p>\n<p style=\"text-align: center;\">Desde mi vivencia, conocimiento, he dise\u00f1ado esta experiencia con el objetivo de llenar de paz y calma,\u00a0 para compartir el camino del autoconocimiento, con el fin de sentirnos llenos de energ\u00eda.<\/p>\n<p style=\"text-align: center;\">Todos poseemos una sabidur\u00eda interior que podemos descubrir si aprendemos a observar, el mundo interior que habita en nosotros mismo, para acceder a este mundo necesitamos entrar en el campo mental y observar los pensamientos y estos como influyen en nuestro d\u00eda a d\u00eda, recarg\u00e1ndonos y\/o rob\u00e1ndonos la energ\u00eda vital.<\/p>\n<p style=\"text-align: center;\">Cada momento de vida nos lleva a caminar en el proceso del autoconocimiento y nos acerca al verdadero prop\u00f3sito de la vida, crecer y llegar al amor propio, donde somos capaces de ser luz para nosotros mismos y favorecer a los dem\u00e1s, desde el punto m\u00e1s elevado de conciencia que logremos alcanzar.<\/p>\n<p style=\"text-align: center;\">En esta experiencia vas a encontrar un camino dise\u00f1ado por pasos, para hacer el proceso de conocimiento de nuestros pensamientos y construir una nueva perspectiva, para tener la capacidad de crear una realidad diferente.<\/p>\n<p><a href=\"https:\/\/mariaalexandra.suarezrios.com\/wp-content\/uploads\/2023\/07\/WhatsApp-Image-2023-08-10-at-4.46.32-PM-1.jpeg\"><img decoding=\"async\" class=\"size-medium wp-image-905 aligncenter\" src=\"https:\/\/mariaalexandra.suarezrios.com\/wp-content\/uploads\/2023\/07\/WhatsApp-Image-2023-08-10-at-4.46.32-PM-1-255x300.jpeg\" alt=\"\" width=\"255\" height=\"300\" srcset=\"https:\/\/mariaalexandra.suarezrios.com\/wp-content\/uploads\/2023\/07\/WhatsApp-Image-2023-08-10-at-4.46.32-PM-1-255x300.jpeg 255w, https:\/\/mariaalexandra.suarezrios.com\/wp-content\/uploads\/2023\/07\/WhatsApp-Image-2023-08-10-at-4.46.32-PM-1-416x490.jpeg 416w, https:\/\/mariaalexandra.suarezrios.com\/wp-content\/uploads\/2023\/07\/WhatsApp-Image-2023-08-10-at-4.46.32-PM-1.jpeg 683w\" sizes=\"(max-width: 255px) 100vw, 255px\" \/><\/a><\/p>\n<p style=\"text-align: center;\">Los invito a avanzar en este hermoso proceso de construir el amor propio, de crecer en autoestima, seguridad, capacidad de accionar y ser arquitectos de nuestras vidas, desde la capacidad de vivir en el presente, siendo cada vez menos perturbables y construyendo relaciones arm\u00f3nicas, m\u00e1s basadas en el amor que en el sentimiento de querer.<\/p>\n<p style=\"text-align: center;\">CONECTAR-SE<\/p>\n<p style=\"text-align: center;\">Natural-mente<\/p>\n<p style=\"text-align: center;\">\u00a1ENCUENTRA TU SABIDUR\u00cdA!<\/p>\n<p>&nbsp;<\/p>\n","protected":false},"excerpt":{"rendered":"<p style=\"text-align: center;\">Experiencia bionatural que te permite concetar con la naturaleza, con tu mundo interior, y\u00a0 \u00a0con nuestra sabidur\u00eda, creando calma.<\/p>\n<p style=\"text-align: center;\">Lograr encontrar respuestas en nuestro interior, nos lleva a ser conscientes y a vivir m\u00e1s livianos, nos permite empoderarnos de nuestras vidas y descubrir que podemos ser maestros de nosotros mismos.<\/p>\n<p style=\"text-align: center;\">Duraci\u00f3n: 1 Dia, cerca a Bogot\u00e1 en un espacio natural.<\/p>\n<p style=\"text-align: center;\">Incluye: Alimentaci\u00f3n, Materiales, facilitaci\u00f3n.<\/p>\n<p style=\"text-align: center;\">CONECTAR-SE<\/p>\n<p style=\"text-align: center;\">Natural-mente<\/p>\n<p style=\"text-align: center;\">\u00a1ENCUENTRA TU SABIDUR\u00cdA!<\/p>\n<p>&nbsp;<\/p>\n","protected":false},"featured_media":1300,"comment_status":"closed","ping_status":"closed","template":"","meta":[],"product_cat":[24],"product_tag":[],"jetpack_sharing_enabled":true,"_links":{"self":[{"href":"https:\/\/mariaalexandra.suarezrios.com\/index.php?rest_route=\/wp\/v2\/product\/852"}],"collection":[{"href":"https:\/\/mariaalexandra.suarezrios.com\/index.php?rest_route=\/wp\/v2\/product"}],"about":[{"href":"https:\/\/mariaalexandra.suarezrios.com\/index.php?rest_route=\/wp\/v2\/types\/product"}],"replies":[{"embeddable":true,"href":"https:\/\/mariaalexandra.suarezrios.com\/index.php?rest_route=%2Fwp%2Fv2%2Fcomments&post=852"}],"wp:featuredmedia":[{"embeddable":true,"href":"https:\/\/mariaalexandra.suarezrios.com\/index.php?rest_route=\/wp\/v2\/media\/1300"}],"wp:attachment":[{"href":"https:\/\/mariaalexandra.suarezrios.com\/index.php?rest_route=%2Fwp%2Fv2%2Fmedia&parent=852"}],"wp:term":[{"taxonomy":"product_cat","embeddable":true,"href":"https:\/\/mariaalexandra.suarezrios.com\/index.php?rest_route=%2Fwp%2Fv2%2Fproduct_cat&post=852"},{"taxonomy":"product_tag","embeddable":true,"href":"https:\/\/mariaalexandra.suarezrios.com\/index.php?rest_route=%2Fwp%2Fv2%2Fproduct_tag&post=852"}],"curies":[{"name":"wp","href":"https:\/\/api.w.org\/{rel}","templated":true}]}}