{"id":659,"date":"2021-03-26T13:43:28","date_gmt":"2021-03-26T13:43:28","guid":{"rendered":"http:\/\/suarezrios.com\/?post_type=product&#038;p=659"},"modified":"2025-12-02T22:14:16","modified_gmt":"2025-12-02T22:14:16","slug":"clases-metodologia-peish","status":"publish","type":"product","link":"https:\/\/mariaalexandra.suarezrios.com\/?product=clases-metodologia-peish","title":{"rendered":"Clases Metodolog\u00eda PEISH\u00ae"},"content":{"rendered":"<p><a href=\"http:\/\/suarezrios.com\/wp-content\/uploads\/2020\/11\/WhatsApp-Image-2020-11-05-at-12.26.36-PM.jpeg\"><img decoding=\"async\" class=\"alignnone size-thumbnail wp-image-598\" src=\"http:\/\/suarezrios.com\/wp-content\/uploads\/2020\/11\/WhatsApp-Image-2020-11-05-at-12.26.36-PM-150x150.jpeg\" alt=\"\" width=\"150\" height=\"150\" srcset=\"https:\/\/mariaalexandra.suarezrios.com\/wp-content\/uploads\/2020\/11\/WhatsApp-Image-2020-11-05-at-12.26.36-PM-150x150.jpeg 150w, https:\/\/mariaalexandra.suarezrios.com\/wp-content\/uploads\/2020\/11\/WhatsApp-Image-2020-11-05-at-12.26.36-PM-324x324.jpeg 324w, https:\/\/mariaalexandra.suarezrios.com\/wp-content\/uploads\/2020\/11\/WhatsApp-Image-2020-11-05-at-12.26.36-PM-100x100.jpeg 100w, https:\/\/mariaalexandra.suarezrios.com\/wp-content\/uploads\/2020\/11\/WhatsApp-Image-2020-11-05-at-12.26.36-PM-250x250.jpeg 250w, https:\/\/mariaalexandra.suarezrios.com\/wp-content\/uploads\/2020\/11\/WhatsApp-Image-2020-11-05-at-12.26.36-PM-174x174.jpeg 174w, https:\/\/mariaalexandra.suarezrios.com\/wp-content\/uploads\/2020\/11\/WhatsApp-Image-2020-11-05-at-12.26.36-PM-300x300.jpeg 300w\" sizes=\"(max-width: 150px) 100vw, 150px\" \/><\/a><\/p>\n<p>Especificaciones:<br \/>\nLas clases de cualquier tema de la metodolog\u00eda PEISH\u00ae tiene una duraci\u00f3n entre 45 y 60 minutos<br \/>\nSe realiza conferencias virtuales, con proyecci\u00f3n de material y dise\u00f1o seg\u00fan lo solicitado.<br \/>\nTemas:<br \/>\n-Desarrollo habilidades blandas para la gerencia o lideres<br \/>\n-Comunicaci\u00f3n para generar prosperidad y armon\u00eda<br \/>\n-Desarrollo de la cultura organizacional desde un mayor nivel de conciencia<br \/>\n-La nueva econom\u00eda para llegar a la evoluci\u00f3n<br \/>\n-El poder interior para construcci\u00f3n de prosperidad<\/p>\n<p>Entre otros, para solicitar una clase se realiza una reuni\u00f3n previa para el dise\u00f1o de la misma y el pago se realiza en este enlace.<\/p>\n<p>Mayor informaci\u00f3n al correo:<br \/>\n<a href=\"mailto:mariaalex@suarezrios.com\">mariaalex@suarezrios.com<\/a><\/p>\n<p>Separa tu cita en Facebook:<br \/>\n<a href=\"https:\/\/www.facebook.com\/life1balance\">https:\/\/www.facebook.com\/life1balance<\/a><\/p>\n","protected":false},"excerpt":{"rendered":"<p><a href=\"http:\/\/suarezrios.com\/wp-content\/uploads\/2020\/11\/WhatsApp-Image-2020-11-05-at-12.26.36-PM.jpeg\"><img decoding=\"async\" class=\"alignnone size-thumbnail wp-image-598\" src=\"http:\/\/suarezrios.com\/wp-content\/uploads\/2020\/11\/WhatsApp-Image-2020-11-05-at-12.26.36-PM-150x150.jpeg\" alt=\"\" width=\"150\" height=\"150\" srcset=\"https:\/\/mariaalexandra.suarezrios.com\/wp-content\/uploads\/2020\/11\/WhatsApp-Image-2020-11-05-at-12.26.36-PM-150x150.jpeg 150w, https:\/\/mariaalexandra.suarezrios.com\/wp-content\/uploads\/2020\/11\/WhatsApp-Image-2020-11-05-at-12.26.36-PM-324x324.jpeg 324w, https:\/\/mariaalexandra.suarezrios.com\/wp-content\/uploads\/2020\/11\/WhatsApp-Image-2020-11-05-at-12.26.36-PM-100x100.jpeg 100w, https:\/\/mariaalexandra.suarezrios.com\/wp-content\/uploads\/2020\/11\/WhatsApp-Image-2020-11-05-at-12.26.36-PM-250x250.jpeg 250w, https:\/\/mariaalexandra.suarezrios.com\/wp-content\/uploads\/2020\/11\/WhatsApp-Image-2020-11-05-at-12.26.36-PM-174x174.jpeg 174w, https:\/\/mariaalexandra.suarezrios.com\/wp-content\/uploads\/2020\/11\/WhatsApp-Image-2020-11-05-at-12.26.36-PM-300x300.jpeg 300w\" sizes=\"(max-width: 150px) 100vw, 150px\" \/><\/a><br \/>\nLas clases de la metodolog\u00eda PEISH\u00ae tiene una duraci\u00f3n entre 45 y 60 minutos, conferencias virtuales, con proyecci\u00f3n de material y dise\u00f1o seg\u00fan la necesidad del cliente.<\/p>\n","protected":false},"featured_media":598,"comment_status":"closed","ping_status":"closed","template":"","meta":[],"product_cat":[24],"product_tag":[],"jetpack_sharing_enabled":true,"_links":{"self":[{"href":"https:\/\/mariaalexandra.suarezrios.com\/index.php?rest_route=\/wp\/v2\/product\/659"}],"collection":[{"href":"https:\/\/mariaalexandra.suarezrios.com\/index.php?rest_route=\/wp\/v2\/product"}],"about":[{"href":"https:\/\/mariaalexandra.suarezrios.com\/index.php?rest_route=\/wp\/v2\/types\/product"}],"replies":[{"embeddable":true,"href":"https:\/\/mariaalexandra.suarezrios.com\/index.php?rest_route=%2Fwp%2Fv2%2Fcomments&post=659"}],"wp:featuredmedia":[{"embeddable":true,"href":"https:\/\/mariaalexandra.suarezrios.com\/index.php?rest_route=\/wp\/v2\/media\/598"}],"wp:attachment":[{"href":"https:\/\/mariaalexandra.suarezrios.com\/index.php?rest_route=%2Fwp%2Fv2%2Fmedia&parent=659"}],"wp:term":[{"taxonomy":"product_cat","embeddable":true,"href":"https:\/\/mariaalexandra.suarezrios.com\/index.php?rest_route=%2Fwp%2Fv2%2Fproduct_cat&post=659"},{"taxonomy":"product_tag","embeddable":true,"href":"https:\/\/mariaalexandra.suarezrios.com\/index.php?rest_route=%2Fwp%2Fv2%2Fproduct_tag&post=659"}],"curies":[{"name":"wp","href":"https:\/\/api.w.org\/{rel}","templated":true}]}}