{"id":651,"date":"2021-03-25T22:34:47","date_gmt":"2021-03-25T22:34:47","guid":{"rendered":"http:\/\/suarezrios.com\/?post_type=product&#038;p=651"},"modified":"2025-12-02T22:16:50","modified_gmt":"2025-12-02T22:16:50","slug":"asesoria-peish","status":"publish","type":"product","link":"https:\/\/mariaalexandra.suarezrios.com\/?product=asesoria-peish","title":{"rendered":"Asesoria PEISH\u00ae"},"content":{"rendered":"<p>La asesor\u00eda consiste en trabajar un tema especifico para generar paz interior y balance para un momento o situaci\u00f3n determinada<\/p>\n<p>Especificaciones:<br \/>\nLas sesiones pueden durar entre 45 a 60 minutos<br \/>\nSe realizar un trabajo guiado de autoobservaci\u00f3n desde la visi\u00f3n hol\u00edstica teniendo como base los procesos cognitivos, llevando a entender al participante su proceso de percepci\u00f3n, emociones, punto de atenci\u00f3n, creando procesos de metacognici\u00f3n con el fin de lograr generar un pensamiento voluntario, sostenido y dirigido, brindando herramientas para aclarar la mente desde los procesos de correspondencia y nivel de conciencia y apoyando en el desarrollo de estrategias para temas personales, laborales, profesionales, familiares, que te quiten la paz interior y que han sido repetitivos o de dif\u00edcil manejo.<\/p>\n<p>En las asesor\u00edas se trabajan quiebras, duelos, miedos, procesos de desapego, decisiones pendientes, separaciones, procesos de cambios, etc\u00e9tera.<\/p>\n<p>Mayor informaci\u00f3n al correo:<br \/>\n<a href=\"mailto:mariaalex@suarezrios.com\">mariaalex@suarezrios.com<\/a><\/p>\n<p>Separa tu cita en Facebook:<br \/>\n<a href=\"https:\/\/www.facebook.com\/life1balance\">https:\/\/www.facebook.com\/life1balance<\/a><\/p>\n","protected":false},"excerpt":{"rendered":"<p>La asesor\u00eda consiste en trabajar un tema especifico para generar paz interior y balance para un momento o situaci\u00f3n determinada<a href=\"http:\/\/suarezrios.com\/wp-content\/uploads\/2021\/03\/e73675e8-b3dd-481f-926d-a6db3287e1b7.jpg\"><img decoding=\"async\" class=\"alignnone size-thumbnail wp-image-657\" src=\"http:\/\/suarezrios.com\/wp-content\/uploads\/2021\/03\/e73675e8-b3dd-481f-926d-a6db3287e1b7-150x150.jpg\" alt=\"\" width=\"150\" height=\"150\" srcset=\"https:\/\/mariaalexandra.suarezrios.com\/wp-content\/uploads\/2021\/03\/e73675e8-b3dd-481f-926d-a6db3287e1b7-150x150.jpg 150w, https:\/\/mariaalexandra.suarezrios.com\/wp-content\/uploads\/2021\/03\/e73675e8-b3dd-481f-926d-a6db3287e1b7-324x324.jpg 324w, https:\/\/mariaalexandra.suarezrios.com\/wp-content\/uploads\/2021\/03\/e73675e8-b3dd-481f-926d-a6db3287e1b7-100x100.jpg 100w, https:\/\/mariaalexandra.suarezrios.com\/wp-content\/uploads\/2021\/03\/e73675e8-b3dd-481f-926d-a6db3287e1b7-300x300.jpg 300w\" sizes=\"(max-width: 150px) 100vw, 150px\" \/><\/a><\/p>\n","protected":false},"featured_media":657,"comment_status":"closed","ping_status":"closed","template":"","meta":[],"product_cat":[24],"product_tag":[],"jetpack_sharing_enabled":true,"_links":{"self":[{"href":"https:\/\/mariaalexandra.suarezrios.com\/index.php?rest_route=\/wp\/v2\/product\/651"}],"collection":[{"href":"https:\/\/mariaalexandra.suarezrios.com\/index.php?rest_route=\/wp\/v2\/product"}],"about":[{"href":"https:\/\/mariaalexandra.suarezrios.com\/index.php?rest_route=\/wp\/v2\/types\/product"}],"replies":[{"embeddable":true,"href":"https:\/\/mariaalexandra.suarezrios.com\/index.php?rest_route=%2Fwp%2Fv2%2Fcomments&post=651"}],"wp:featuredmedia":[{"embeddable":true,"href":"https:\/\/mariaalexandra.suarezrios.com\/index.php?rest_route=\/wp\/v2\/media\/657"}],"wp:attachment":[{"href":"https:\/\/mariaalexandra.suarezrios.com\/index.php?rest_route=%2Fwp%2Fv2%2Fmedia&parent=651"}],"wp:term":[{"taxonomy":"product_cat","embeddable":true,"href":"https:\/\/mariaalexandra.suarezrios.com\/index.php?rest_route=%2Fwp%2Fv2%2Fproduct_cat&post=651"},{"taxonomy":"product_tag","embeddable":true,"href":"https:\/\/mariaalexandra.suarezrios.com\/index.php?rest_route=%2Fwp%2Fv2%2Fproduct_tag&post=651"}],"curies":[{"name":"wp","href":"https:\/\/api.w.org\/{rel}","templated":true}]}}