{"id":358,"date":"2018-07-24T20:06:14","date_gmt":"2018-07-24T20:06:14","guid":{"rendered":"http:\/\/suarezrios.com\/?post_type=product&#038;p=358"},"modified":"2026-03-19T14:36:18","modified_gmt":"2026-03-19T14:36:18","slug":"libro-una-vida-llena-de-amor","status":"publish","type":"product","link":"https:\/\/mariaalexandra.suarezrios.com\/?product=libro-una-vida-llena-de-amor","title":{"rendered":"Libro \u00abUna vida llena de Amor\u00bb"},"content":{"rendered":"<p><a href=\"http:\/\/suarezrios.com\/wp-content\/uploads\/2018\/07\/imagen-portada-libro-mami.png\"><img fetchpriority=\"high\" decoding=\"async\" class=\"size-medium wp-image-333 alignleft\" src=\"http:\/\/suarezrios.com\/wp-content\/uploads\/2018\/07\/imagen-portada-libro-mami-198x300.png\" alt=\"\" width=\"198\" height=\"300\" srcset=\"https:\/\/mariaalexandra.suarezrios.com\/wp-content\/uploads\/2018\/07\/imagen-portada-libro-mami-198x300.png 198w, https:\/\/mariaalexandra.suarezrios.com\/wp-content\/uploads\/2018\/07\/imagen-portada-libro-mami.png 236w\" sizes=\"(max-width: 198px) 100vw, 198px\" \/><\/a><\/p>\n<p>&nbsp;<\/p>\n<p>&nbsp;<\/p>\n<p>Categor\u00eda: Biograf\u00edas<br \/>\nN\u00famero\/a\u00f1o de edici\u00f3n: 1\/2018<br \/>\nEtiquetas: amor, fe, familia<br \/>\nN\u00famero de p\u00e1ginas: 65<br \/>\nEditorial: edici\u00f3n del autor<br \/>\nFormato: 14 x 21 cm (con solapa), R\u00fastico (pegado)<br \/>\nInterior: Papel Blanco 75 Grs, Blanco y Negro<\/p>\n","protected":false},"excerpt":{"rendered":"<p><strong>\u201cUna Vida llena de amor\u201d<\/strong>\u00a0Es la vida de mi madre quien siempre llevo un mensaje de amor y Fe para afrontar todo lo que pas\u00f3 en la vida.<\/p>\n<p>La vida de Stella R\u00edos de Su\u00e1rez, es la vida de una mujer santa, sabia y amorosa, quien enfrent\u00f3 su vida con fe y fue un ejemplo de vida. Una paisa llena de amor, que vino a la vida a mostrar una forma diferente de vivir. Fecha: 2 de julio de 2018.<\/p>\n","protected":false},"featured_media":333,"comment_status":"closed","ping_status":"closed","template":"","meta":[],"product_brand":[],"product_cat":[20,19],"product_tag":[],"class_list":{"0":"post-358","1":"product","2":"type-product","3":"status-publish","4":"has-post-thumbnail","6":"product_cat-libros","7":"product_cat-productos","9":"first","10":"instock","11":"shipping-taxable","12":"purchasable","13":"product-type-simple"},"jetpack_sharing_enabled":true,"_links":{"self":[{"href":"https:\/\/mariaalexandra.suarezrios.com\/index.php?rest_route=\/wp\/v2\/product\/358","targetHints":{"allow":["GET"]}}],"collection":[{"href":"https:\/\/mariaalexandra.suarezrios.com\/index.php?rest_route=\/wp\/v2\/product"}],"about":[{"href":"https:\/\/mariaalexandra.suarezrios.com\/index.php?rest_route=\/wp\/v2\/types\/product"}],"replies":[{"embeddable":true,"href":"https:\/\/mariaalexandra.suarezrios.com\/index.php?rest_route=%2Fwp%2Fv2%2Fcomments&post=358"}],"wp:featuredmedia":[{"embeddable":true,"href":"https:\/\/mariaalexandra.suarezrios.com\/index.php?rest_route=\/wp\/v2\/media\/333"}],"wp:attachment":[{"href":"https:\/\/mariaalexandra.suarezrios.com\/index.php?rest_route=%2Fwp%2Fv2%2Fmedia&parent=358"}],"wp:term":[{"taxonomy":"product_brand","embeddable":true,"href":"https:\/\/mariaalexandra.suarezrios.com\/index.php?rest_route=%2Fwp%2Fv2%2Fproduct_brand&post=358"},{"taxonomy":"product_cat","embeddable":true,"href":"https:\/\/mariaalexandra.suarezrios.com\/index.php?rest_route=%2Fwp%2Fv2%2Fproduct_cat&post=358"},{"taxonomy":"product_tag","embeddable":true,"href":"https:\/\/mariaalexandra.suarezrios.com\/index.php?rest_route=%2Fwp%2Fv2%2Fproduct_tag&post=358"}],"curies":[{"name":"wp","href":"https:\/\/api.w.org\/{rel}","templated":true}]}}