{"id":82,"date":"2016-02-15T23:12:26","date_gmt":"2016-02-15T23:12:26","guid":{"rendered":"http:\/\/www.growthkapitalknow.com\/?page_id=82"},"modified":"2023-08-12T17:22:46","modified_gmt":"2023-08-12T17:22:46","slug":"entregas-2","status":"publish","type":"page","link":"https:\/\/mariaalexandra.suarezrios.com\/?page_id=82","title":{"rendered":"Publicaciones"},"content":{"rendered":"\t\t<div data-elementor-type=\"wp-page\" data-elementor-id=\"82\" class=\"elementor elementor-82\">\n\t\t\t\t\t\t<section class=\"elementor-section elementor-top-section elementor-element elementor-element-1239232e elementor-section-boxed elementor-section-height-default elementor-section-height-default\" data-id=\"1239232e\" data-element_type=\"section\">\n\t\t\t\t\t\t<div class=\"elementor-container elementor-column-gap-default\">\n\t\t\t\t\t<div class=\"elementor-column elementor-col-100 elementor-top-column elementor-element elementor-element-2162af70\" data-id=\"2162af70\" data-element_type=\"column\">\n\t\t\t<div class=\"elementor-widget-wrap elementor-element-populated\">\n\t\t\t\t\t\t<div class=\"elementor-element elementor-element-680a31f0 elementor-widget elementor-widget-text-editor\" data-id=\"680a31f0\" data-element_type=\"widget\" data-widget_type=\"text-editor.default\">\n\t\t\t\t<div class=\"elementor-widget-container\">\n\t\t\t<style>\/*! elementor - v3.22.0 - 26-06-2024 *\/\n.elementor-widget-text-editor.elementor-drop-cap-view-stacked .elementor-drop-cap{background-color:#69727d;color:#fff}.elementor-widget-text-editor.elementor-drop-cap-view-framed .elementor-drop-cap{color:#69727d;border:3px solid;background-color:transparent}.elementor-widget-text-editor:not(.elementor-drop-cap-view-default) .elementor-drop-cap{margin-top:8px}.elementor-widget-text-editor:not(.elementor-drop-cap-view-default) .elementor-drop-cap-letter{width:1em;height:1em}.elementor-widget-text-editor .elementor-drop-cap{float:left;text-align:center;line-height:1;font-size:50px}.elementor-widget-text-editor .elementor-drop-cap-letter{display:inline-block}<\/style>\t\t\t\t<p align=\"center\"><span style=\"font-family: 'Lao UI',sans-serif; color: black; mso-themecolor: text1;\">Aqu\u00ed<br \/>Encuentras como adquirir nuestras publicaciones para crear prosperidad desde s\u00ed<br \/>mismo, llegar al \u00e9xito y mantener el balance implica una gesti\u00f3n diaria en<br \/>todas las \u00e1reas de la vida.<\/span><\/p>\n<p><!-- \/wp:paragraph --><!-- wp:heading {\"textAlign\":\"center\",\"align\":\"center\"} --><\/p>\n<h2 style=\"text-align: center;\" align=\"center\"><span style=\"font-family: 'Lao UI',sans-serif; color: black; mso-themecolor: text1;\">Adquiere Nuestras Publicaciones<\/span><\/h2>\n<p><!-- \/wp:heading --><!-- wp:paragraph {\"align\":\"center\"} --><\/p>\n<p style=\"text-align: center;\" align=\"center\"><span style=\"font-family: 'Lao UI',sans-serif; color: black; mso-themecolor: text1;\">Para realizar la compra de cualquiera de los libros puedes:<\/span><\/p>\n<p style=\"text-align: center;\" align=\"center\"><strong><span style=\"font-family: 'Lao UI',sans-serif;\">Si estas en Colombia entrar a la<\/span><\/strong><strong><span style=\"font-family: 'Lao UI',sans-serif;\">tienda<\/span><\/strong><span style=\"font-family: 'Lao UI',sans-serif;\"> y hacer el pago por Nequi al 304 291 3138 y enviar el comprobante, para que te sea enviado, te llegar\u00e1 entre 10 y 12 d\u00edas. El valor del env\u00edo es de<br \/>$5.000 (cinco mil pesos) en Bogot\u00e1 y fuera de Bogot\u00e1 depender\u00e1 del lugar.<\/span><\/p>\n<p><!-- \/wp:list-item --><!-- wp:list-item --><\/p>\n<p style=\"text-align: center;\"><strong><span style=\"font-family: 'Lao UI',sans-serif;\">Si estas fuera de Colombia <\/span><\/strong><span style=\"font-family: 'Lao UI',sans-serif;\">puedes hacer la compra en Amazon en los enlaces que te incluimos aqu\u00ed.<br \/><\/span><\/p>\n<p><!-- \/wp:embed --><!-- wp:heading {\"textAlign\":\"center\",\"align\":\"center\"} --><\/p>\n<h2 style=\"text-align: center;\"><strong>2023<\/strong><\/h2>\n<p>En este enlace el libro \u00abMi Ella\u00bb Un Amor Verdadero en Amazon para versi\u00f3n Kindle o Paperback en el siguiente enlace:<\/p>\n<p><iframe title=\"Mi Ella: Un Amor Verdadero (Spanish Edition)\" type=\"text\/html\" width=\"980\" height=\"550\" frameborder=\"0\" allowfullscreen style=\"max-width:100%\" src=\"https:\/\/read.amazon.com\/kp\/card?preview=inline&linkCode=kpd&ref_=k4w_oembed_wkRxGzw86Tcwuq&asin=B09L5KK2BW&tag=kpembed-20\"><\/iframe><\/p>\n<h2 style=\"text-align: center;\"><strong>2020<\/strong><\/h2>\n<p>En este enlace el libro \u00abDe la Econom\u00eda a la Evoluci\u00f3n- Liderando desde la Conciencia\u00bb en Amazon para versi\u00f3n Kindle o Paperback en el siguiente enlace:<\/p>\n<p><iframe title=\"De la econom\u00eda a la evoluci\u00f3n: Liderando desde la conciencia (Spanish Edition)\" type=\"text\/html\" width=\"980\" height=\"550\" frameborder=\"0\" allowfullscreen style=\"max-width:100%\" src=\"https:\/\/read.amazon.com\/kp\/card?preview=inline&linkCode=kpd&ref_=k4w_oembed_uS20nt008td2MB&asin=B08P6JKPSR&tag=kpembed-20\"><\/iframe><\/p>\n<h2 style=\"text-align: center;\"><strong>Otros libros\u00a0<\/strong><\/h2>\n<p>En este enlace puedes encontrar los libros en\u00a0\u00a0<a style=\"font-size: 16px;\" href=\"https:\/\/www.amazon.com\/stores\/Maria-Alexandra-Suarez-Rios\/author\/B091NLXQJL?ref=ap_rdr&amp;store_ref=ap_rdr&amp;isDramIntegrated=true&amp;shoppingPortalEnabled=true\">Amazon<\/a> para versi\u00f3n Kindle o Paperback en el siguiente enlace:<\/p>\n<p>\u00a0<\/p>\n<figure style=\"box-sizing: border-box; margin: 0px; padding: 0px; outline: 0px; display: inline-block; color: #7a7a7a; font-family: Roboto, sans-serif; font-size: 16px; font-style: normal; font-variant-ligatures: normal; font-variant-caps: normal; font-weight: 400; letter-spacing: normal; orphans: 2; text-align: left; text-indent: 0px; text-transform: none; widows: 2; word-spacing: 0px; -webkit-text-stroke-width: 0px; white-space: normal; text-decoration-thickness: initial; text-decoration-style: initial; text-decoration-color: initial;\">\n<p style=\"box-sizing: border-box; margin: 0px 0px 16px; padding: 0px; outline: 0px; font-family: 'Open Sans'; font-weight: 400; font-size: 16px; line-height: 1.6; color: #999999; text-align: center;\">\u00a0<\/p>\n<figure style=\"box-sizing: border-box; margin: 0px; padding: 0px; outline: 0px; display: inline-block;\"><\/figure>\n<\/figure>\n<p style=\"box-sizing: border-box; margin: 0px 0px 16px; padding: 0px; outline: 0px; font-family: 'Open Sans'; font-weight: 400; font-size: 16px; line-height: 1.6; color: #999999; font-style: normal; font-variant-ligatures: normal; font-variant-caps: normal; letter-spacing: normal; orphans: 2; text-align: left; text-indent: 0px; text-transform: none; widows: 2; word-spacing: 0px; -webkit-text-stroke-width: 0px; white-space: normal; text-decoration-thickness: initial; text-decoration-style: initial; text-decoration-color: initial;\">\u00a0<\/p>\n<h2 style=\"color: #050000; text-align: center;\"><strong>Desc\u00e1rgalos gratis: <\/strong><\/h2>\n<p style=\"text-align: center;\"><!-- \/wp:heading --><\/p>\n<p style=\"text-align: center;\"><!-- wp:heading {\"textAlign\":\"center\",\"align\":\"center\"} --><\/p>\n<p style=\"text-align: center;\"><!-- \/wp:heading --><\/p>\n<p style=\"text-align: center;\"><!-- wp:paragraph --><\/p>\n<p style=\"text-align: center;\"><a href=\"https:\/\/suarezrios.com\/wp-content\/uploads\/2016\/02\/pensar-diferente.pdf\" target=\"_blank\" rel=\"noopener\">Pensar diferente<\/a>\u00a0Fecha: 17 marzo 2017, Tema: Reflexiones para tener en cuenta<\/p>\n<p style=\"text-align: center;\"><!-- \/wp:paragraph --><\/p>\n<p style=\"text-align: center;\"><!-- wp:heading {\"textAlign\":\"center\",\"align\":\"center\"} --><\/p>\n<p style=\"text-align: center;\"><!-- \/wp:heading --><\/p>\n<p style=\"text-align: center;\"><!-- wp:paragraph --><\/p>\n<p style=\"text-align: center;\"><a href=\"https:\/\/suarezrios.com\/wp-content\/uploads\/2016\/02\/educaci\u00f3n-y-presente.pdf\">Educaci\u00f3n y Presente<\/a>, \u00a0Fecha:\u00a0\u00a012 de mayo\u00a0 2016 Tema: Educaci\u00f3n y Volver a estar en el ahora<\/p>\n<p style=\"text-align: center;\"><!-- \/wp:paragraph --><\/p>\n<p style=\"text-align: center;\"><!-- wp:paragraph --><\/p>\n<p style=\"text-align: center;\"><a href=\"https:\/\/suarezrios.com\/wp-content\/uploads\/2016\/02\/vida-1.pdf\">Vida 1,\u00a0<\/a>\u00a0Fecha: 19 de julio 2016, Tema: Vida<\/p>\n<p style=\"text-align: center;\"><!-- \/wp:paragraph --><\/p>\n<p style=\"text-align: center;\"><!-- wp:paragraph --><\/p>\n<p style=\"text-align: center;\"><a href=\"https:\/\/suarezrios.com\/wp-content\/uploads\/2016\/02\/EL-PROPOSITO-DE-VIDA.pdf\">El Prop\u00f3sito de vida\u00a0<\/a>, Fecha: 12 de julio de 2016, Tema: El prop\u00f3sito<\/p>\n<p style=\"text-align: center;\"><!-- \/wp:paragraph --><\/p>\n<p style=\"text-align: center;\"><!-- wp:paragraph --><\/p>\n<p style=\"text-align: center;\"><a href=\"https:\/\/suarezrios.com\/wp-content\/uploads\/2016\/02\/Prosperidad-VIII.pdf\">Prosperidad VIII<\/a>\u00a0\u00faltima entrega Fecha: 11 de mayo de 2016, Tema: Relaciones Laborales<\/p>\n<p style=\"text-align: center;\"><!-- \/wp:paragraph --><\/p>\n<p style=\"text-align: center;\"><!-- wp:paragraph --><\/p>\n<p style=\"text-align: center;\"><a href=\"https:\/\/suarezrios.com\/wp-content\/uploads\/2016\/02\/Propseridad-VII2.pdf\">Propseridad VII<\/a>\u00a0 S\u00e9ptima entrega Fecha:\u00a0 14 de abril de 2016, Tema: Sobre las relaciones en pareja<\/p>\n<p style=\"text-align: center;\"><!-- \/wp:paragraph --><\/p>\n<p style=\"text-align: center;\"><!-- wp:paragraph --><\/p>\n<p style=\"text-align: center;\"><a href=\"https:\/\/suarezrios.com\/wp-content\/uploads\/2016\/02\/prosperidad-VI.pdf\">Prosperidad VI<\/a>, \u00a0Sexta entrega Fecha: 4 de abril de 2016, Tema: Prosperidad<\/p>\n<p style=\"text-align: center;\"><!-- \/wp:paragraph --><\/p>\n<p style=\"text-align: center;\"><!-- wp:paragraph --><\/p>\n<p style=\"text-align: center;\"><a href=\"https:\/\/suarezrios.com\/wp-content\/uploads\/2016\/02\/prosperidad-V.pdf\">Prosperidad V<\/a>, Quinta\u00a0entrega\u00a0Fecha: 27 de marzo de 2016,\u00a0Tema: Prosperidad<\/p>\n<p style=\"text-align: center;\"><!-- \/wp:paragraph --><\/p>\n<p style=\"text-align: center;\"><!-- wp:paragraph --><\/p>\n<p style=\"text-align: center;\"><a href=\"https:\/\/suarezrios.com\/wp-content\/uploads\/2016\/02\/prosperidad-iv.pdf\">Prosperidad IV<\/a>, Cuarta entrega\u00a0Fecha: 17 de marzo de 2016,\u00a0Tema: Prosperidad<\/p>\n<p style=\"text-align: center;\"><!-- \/wp:paragraph --><\/p>\n<p style=\"text-align: center;\"><!-- wp:paragraph --><\/p>\n<p style=\"text-align: center;\"><a href=\"https:\/\/suarezrios.com\/wp-content\/uploads\/2016\/02\/Enfoque-parte-III.pdf\">Enfoque parte III<\/a>\u00a0, Tercera entrega Fecha: 4 de marzo de 2016,\u00a0Tema: Prosperidad<\/p>\n<p style=\"text-align: center;\"><!-- \/wp:paragraph --><\/p>\n<p style=\"text-align: center;\"><!-- wp:paragraph --><\/p>\n<p style=\"text-align: center;\"><a href=\"https:\/\/suarezrios.com\/wp-content\/uploads\/2016\/02\/Enfoque-parte-II.pdf\">Enfoque parte II<\/a>, Segunda entrega Fecha: 22 de Febrero de 2016,\u00a0Tema: Prosperidad<\/p>\n<p style=\"text-align: center;\"><!-- \/wp:paragraph --><\/p>\n<p style=\"text-align: center;\"><!-- wp:paragraph --><\/p>\n<p style=\"text-align: center;\"><a href=\"https:\/\/suarezrios.com\/wp-content\/uploads\/2016\/02\/EL-ENFOQUE-LA-RAZ\u00d3N-DEL-\u00c9XITO.pdf\">Enfoque parte I<\/a>, Primera entrega\u00a0Fecha: 17 Febrero de 2016,\u00a0Tema: Prosperidad<\/p>\n<p style=\"text-align: center;\"><!-- \/wp:paragraph --><\/p>\n<p style=\"text-align: center;\"><!-- wp:heading {\"textAlign\":\"center\",\"level\":3,\"align\":\"center\"} --><\/p>\n<h3 style=\"text-align: center;\">Entrevista Escalera al Cielo &#8211;<\/h3>\n<p style=\"text-align: center;\"><!-- \/wp:heading --><\/p>\n<p style=\"text-align: center;\"><!-- wp:paragraph {\"align\":\"center\"} --><\/p>\n<p style=\"text-align: center;\">5 de junio de 2016:<\/p>\n<p style=\"text-align: center;\"><!-- \/wp:paragraph --><\/p>\n<p style=\"text-align: center;\"><!-- wp:audio --><\/p>\n<figure><audio src=\"https:\/\/suarezrios.com\/wp-content\/uploads\/2016\/02\/EntrevistaEscaleraAlCielo.mp3\" controls=\"controls\"><\/audio><\/figure>\n<p style=\"text-align: center;\"><!-- \/wp:audio --><\/p>\n<p style=\"text-align: center;\"><!-- wp:heading {\"textAlign\":\"center\",\"level\":1,\"align\":\"center\"} --><\/p>\n<h1 style=\"text-align: center;\"><strong>Siguenos en:<\/strong><\/h1>\n<p style=\"text-align: center;\"><!-- \/wp:heading --><\/p>\n<p style=\"text-align: center;\"><!-- wp:heading {\"textAlign\":\"center\",\"level\":3,\"align\":\"center\"} --><\/p>\n<h3 style=\"text-align: center;\"><strong>Facebook:\u00a0<\/strong><\/h3>\n<p style=\"text-align: center;\"><!-- \/wp:heading --><\/p>\n<p style=\"text-align: center;\"><!-- wp:paragraph --><\/p>\n<p style=\"text-align: center;\"><a href=\"https:\/\/www.facebook.com\/life1balance\">https:\/\/www.facebook.com\/life1balance<\/a><\/p>\n<p style=\"text-align: center;\"><!-- \/wp:paragraph --><\/p>\n<p style=\"text-align: center;\"><!-- wp:heading {\"textAlign\":\"center\",\"level\":3,\"align\":\"center\"} --><\/p>\n<h3 style=\"text-align: center;\"><strong>En Instragram:<\/strong><\/h3>\n<p style=\"text-align: center;\"><!-- \/wp:heading --><\/p>\n<p style=\"text-align: center;\"><!-- wp:paragraph --><\/p>\n<p style=\"text-align: center;\"><a href=\"https:\/\/www.instagram.com\/mariaalex.suarezr\/?hl=es-la\">https:\/\/www.instagram.com\/mariaalex.suarezr\/?hl=es-la<\/a><\/p>\n<p style=\"text-align: center;\"><!-- \/wp:paragraph --><\/p>\n<p style=\"text-align: center;\"><!-- wp:heading {\"textAlign\":\"center\",\"level\":3,\"align\":\"center\"} --><\/p>\n<h3 style=\"text-align: center;\"><strong>Nuestro canal de youtube:\u00a0<\/strong><\/h3>\n<p style=\"text-align: center;\"><!-- \/wp:heading --><\/p>\n<p style=\"text-align: center;\"><!-- wp:paragraph --><\/p>\n<p style=\"text-align: center;\"><a href=\"https:\/\/www.youtube.com\/channel\/UCbDXw6ycnCBOMzPcrfAIpow?view_as=subscriber\">https:\/\/www.youtube.com\/channel\/UCbDXw6ycnCBOMzPcrfAIpow?view_as=subscriber<\/a><\/p>\n<p style=\"text-align: center;\">\u00a0<\/p>\n<p style=\"text-align: center;\"><!-- \/wp:paragraph --><\/p>\n<p style=\"text-align: center;\"><!-- wp:paragraph --><\/p>\n<p style=\"text-align: center;\"><!-- \/wp:paragraph --><\/p>\n<p style=\"text-align: center;\"><!-- wp:heading {\"level\":3,\"align\":\"center\"} --><\/p>\n<h3 style=\"text-align: center;\">\u00a0<\/h3>\n<p style=\"text-align: center;\"><!-- \/wp:heading --><\/p>\n<p style=\"text-align: center;\"><!-- wp:cover {\"isDark\":false,\"layout\":{\"type\":\"constrained\"}} --><\/p>\n<div>\n<div style=\"text-align: center;\">\u00a0<\/div>\n<\/div>\n<p><!-- \/wp:cover --><\/p>\n<p><!-- wp:cover {\"isDark\":false,\"layout\":{\"type\":\"constrained\"}} --><\/p>\n<div>\n<div>\u00a0<\/div>\n<\/div>\n<p><!-- \/wp:cover --><\/p>\n<p><!-- wp:cover {\"isDark\":false,\"layout\":{\"type\":\"constrained\"}} --><\/p>\n<div>\n<div>\u00a0<\/div>\n<\/div>\n<p><!-- \/wp:cover --><\/p>\n<p><!-- wp:cover {\"isDark\":false,\"layout\":{\"type\":\"constrained\"}} --><\/p>\n<div>\n<div>\u00a0<\/div>\n<\/div>\n<p><!-- \/wp:cover --><\/p>\n<p><!-- wp:cover {\"isDark\":false,\"layout\":{\"type\":\"constrained\"}} --><\/p>\n<div>\n<div>\u00a0<\/div>\n<\/div>\n<p><!-- \/wp:cover --><\/p>\n<p><!-- wp:loginout \/--><\/p>\n<p><!-- wp:read-more \/--><\/p>\n<p><!-- wp:loginout \/--><\/p>\n<p><!-- wp:read-more \/--><\/p>\n<p><!-- wp:html \/--><\/p>\n<p><!-- wp:html \/--><\/p>\n<p><!-- wp:media-text --><\/p>\n<div>\n<figure><\/figure>\n<div><!-- wp:paragraph {\"placeholder\":\"Contenido\u2026\"} --><!-- \/wp:paragraph --><\/div>\n<\/div>\n<p><!-- \/wp:media-text --><\/p>\n<p><!-- wp:more --><br \/><\/p><\/div><\/div><\/div><\/div><\/div><\/section><\/div> <a href=\"https:\/\/mariaalexandra.suarezrios.com\/?page_id=82#more-82\" class=\"more-link elementor-more-link\"><span aria-label=\"Sigue leyendo Publicaciones\">(m\u00e1s&hellip;)<\/span><\/a>","protected":false},"excerpt":{"rendered":"<p>Aqu\u00ed Encuentras como adquirir nuestras publicaciones para crear prosperidad desde s\u00ed mismo, llegar al \u00e9xito y mantener el balance implica una gesti\u00f3n diaria en todas las \u00e1reas de la vida. Adquiere Nuestras Publicaciones Para realizar la compra de cualquiera de los libros puedes: Si estas en Colombia entrar a latienda y hacer el pago por [&hellip;]<\/p>\n","protected":false},"author":1,"featured_media":0,"parent":0,"menu_order":0,"comment_status":"closed","ping_status":"closed","template":"","meta":{"footnotes":""},"jetpack_sharing_enabled":true,"_links":{"self":[{"href":"https:\/\/mariaalexandra.suarezrios.com\/index.php?rest_route=\/wp\/v2\/pages\/82"}],"collection":[{"href":"https:\/\/mariaalexandra.suarezrios.com\/index.php?rest_route=\/wp\/v2\/pages"}],"about":[{"href":"https:\/\/mariaalexandra.suarezrios.com\/index.php?rest_route=\/wp\/v2\/types\/page"}],"author":[{"embeddable":true,"href":"https:\/\/mariaalexandra.suarezrios.com\/index.php?rest_route=\/wp\/v2\/users\/1"}],"replies":[{"embeddable":true,"href":"https:\/\/mariaalexandra.suarezrios.com\/index.php?rest_route=%2Fwp%2Fv2%2Fcomments&post=82"}],"version-history":[{"count":87,"href":"https:\/\/mariaalexandra.suarezrios.com\/index.php?rest_route=\/wp\/v2\/pages\/82\/revisions"}],"predecessor-version":[{"id":1041,"href":"https:\/\/mariaalexandra.suarezrios.com\/index.php?rest_route=\/wp\/v2\/pages\/82\/revisions\/1041"}],"wp:attachment":[{"href":"https:\/\/mariaalexandra.suarezrios.com\/index.php?rest_route=%2Fwp%2Fv2%2Fmedia&parent=82"}],"curies":[{"name":"wp","href":"https:\/\/api.w.org\/{rel}","templated":true}]}}