{"id":18,"date":"2014-04-19T23:50:08","date_gmt":"2014-04-19T23:50:08","guid":{"rendered":"http:\/\/www.growthkapitalknow.com\/?page_id=18"},"modified":"2026-04-21T09:34:14","modified_gmt":"2026-04-21T14:34:14","slug":"quienes-somos","status":"publish","type":"page","link":"https:\/\/mariaalexandra.suarezrios.com\/?page_id=18","title":{"rendered":"Quienes somos:"},"content":{"rendered":"\n<div class=\"wp-block-media-text alignfull has-media-on-the-right is-stacked-on-mobile is-vertically-aligned-center is-style-default\" style=\"grid-template-columns:auto 34%\"><div class=\"wp-block-media-text__content\">\n<h3 class=\"wp-block-heading has-text-align-center has-text-color\" style=\"color:#000000\">Nacimos para construir un puente entre el mundo <strong>material-empresarial<\/strong> y <strong>espiritual-personal<\/strong>, porque la vida es el camino para <strong>aprender y generar<\/strong> un proceso evolutivo permanente. <\/h3>\n\n\n\n<h3 class=\"wp-block-heading has-text-align-center has-text-color\" style=\"color:#000000\">Creemos que las empresas son una suma de <strong>personas con sue\u00f1os por cumplir <\/strong>y son parte vital para que las empresas alcancen sus sue\u00f1os. Siendo un intercambio de sue\u00f1os&nbsp;para el crecimiento.<\/h3>\n\n\n\n<p class=\"has-text-color\" style=\"color:#636363;font-size:17px;line-height:1.1\"><\/p>\n<\/div><figure class=\"wp-block-media-text__media\"><img fetchpriority=\"high\" decoding=\"async\" width=\"1024\" height=\"1024\" src=\"https:\/\/mariaalexandra.suarezrios.com\/wp-content\/uploads\/2024\/02\/WhatsApp-Image-2024-02-04-at-10.32.58-AM-1024x1024.jpeg\" alt=\"\" class=\"wp-image-1205 size-full\" srcset=\"https:\/\/mariaalexandra.suarezrios.com\/wp-content\/uploads\/2024\/02\/WhatsApp-Image-2024-02-04-at-10.32.58-AM-1024x1024.jpeg 1024w, https:\/\/mariaalexandra.suarezrios.com\/wp-content\/uploads\/2024\/02\/WhatsApp-Image-2024-02-04-at-10.32.58-AM-300x300.jpeg 300w, https:\/\/mariaalexandra.suarezrios.com\/wp-content\/uploads\/2024\/02\/WhatsApp-Image-2024-02-04-at-10.32.58-AM-150x150.jpeg 150w, https:\/\/mariaalexandra.suarezrios.com\/wp-content\/uploads\/2024\/02\/WhatsApp-Image-2024-02-04-at-10.32.58-AM-768x768.jpeg 768w, https:\/\/mariaalexandra.suarezrios.com\/wp-content\/uploads\/2024\/02\/WhatsApp-Image-2024-02-04-at-10.32.58-AM-324x324.jpeg 324w, https:\/\/mariaalexandra.suarezrios.com\/wp-content\/uploads\/2024\/02\/WhatsApp-Image-2024-02-04-at-10.32.58-AM-416x416.jpeg 416w, https:\/\/mariaalexandra.suarezrios.com\/wp-content\/uploads\/2024\/02\/WhatsApp-Image-2024-02-04-at-10.32.58-AM-100x100.jpeg 100w, https:\/\/mariaalexandra.suarezrios.com\/wp-content\/uploads\/2024\/02\/WhatsApp-Image-2024-02-04-at-10.32.58-AM.jpeg 1080w\" sizes=\"(max-width: 1024px) 100vw, 1024px\" \/><\/figure><\/div>\n\n\n\n<p class=\"has-text-align-center\"><\/p>\n\n\n\n<p><a href=\"http:\/\/suarezrios.com\/wp-content\/uploads\/2020\/11\/WhatsApp-Image-2020-11-05-at-12.26.36-PM.jpeg\"><\/a><\/p>\n\n\n\n<div style=\"height:100px\" aria-hidden=\"true\" class=\"wp-block-spacer\"><\/div>\n\n\n\n<div class=\"wp-block-media-text alignfull is-stacked-on-mobile is-vertically-aligned-center\" style=\"grid-template-columns:42% auto\"><figure class=\"wp-block-media-text__media\"><img decoding=\"async\" width=\"784\" height=\"746\" src=\"https:\/\/mariaalexandra.suarezrios.com\/wp-content\/uploads\/2024\/02\/corazon-peish.jpg\" alt=\"\" class=\"wp-image-1272 size-full\" srcset=\"https:\/\/mariaalexandra.suarezrios.com\/wp-content\/uploads\/2024\/02\/corazon-peish.jpg 784w, https:\/\/mariaalexandra.suarezrios.com\/wp-content\/uploads\/2024\/02\/corazon-peish-300x285.jpg 300w, https:\/\/mariaalexandra.suarezrios.com\/wp-content\/uploads\/2024\/02\/corazon-peish-768x731.jpg 768w, https:\/\/mariaalexandra.suarezrios.com\/wp-content\/uploads\/2024\/02\/corazon-peish-416x396.jpg 416w\" sizes=\"(max-width: 784px) 100vw, 784px\" \/><\/figure><div class=\"wp-block-media-text__content\">\n<h1 class=\"wp-block-heading\"><strong>Propuesta de Valor<\/strong>:<\/h1>\n\n\n\n<h3 class=\"wp-block-heading has-text-align-center\">Somos un equipo de personas que apoyamos el crecimiento personal, espiritual y empresarial para construir un mundo sostenible y sustentable.<a href=\"http:\/\/suarezrios.com\/wp-content\/uploads\/2020\/11\/WhatsApp-Image-2020-11-05-at-12.26.36-PM.jpeg\"><\/a><\/h3>\n\n\n\n<h3 class=\"wp-block-heading has-text-align-center\">Desde la visi\u00f3n como humanistas nuestro trabajo va dirigido a transformar el equipo humano, para afrontar el d\u00eda a d\u00eda de las empresas y generar impacto en la productividad desde el desarrollo de una cultura arm\u00f3nica, sist\u00e9mica y altamente productiva en la ejecuci\u00f3n, basados en la Planeaci\u00f3n Estrat\u00e9gica Integral desde el SER humano PEISH&nbsp;\u00ae<\/h3>\n<\/div><\/div>\n\n\n\n<div style=\"height:123px\" aria-hidden=\"true\" class=\"wp-block-spacer\"><\/div>\n\n\n\n<div class=\"wp-block-cover alignfull is-light has-parallax\" style=\"min-height:413px;aspect-ratio:unset;\"><span aria-hidden=\"true\" class=\"wp-block-cover__background has-background-dim-40 has-background-dim\" style=\"background-color:#000000\"><\/span><div role=\"img\" class=\"wp-block-cover__image-background wp-image-1323 has-parallax\" style=\"background-position:50% 50%;background-image:url(https:\/\/mariaalexandra.suarezrios.com\/wp-content\/uploads\/2024\/02\/cropped-WhatsApp-Image-2024-02-04-at-10.32.59-AM-3.jpeg)\"><\/div><div class=\"wp-block-cover__inner-container is-layout-flow wp-block-cover-is-layout-flow\">\n<h3 class=\"wp-block-heading alignwide has-text-align-left\">Nuestra visi\u00f3n humanista abarca el cambio de h\u00e1bitos para crear una nueva realidad. Podemos generar el crecimiento que queramos, desde la concordancia con nuestra misi\u00f3n y destino, obteniendo un mayor nivel de conciencia.<\/h3>\n<\/div><\/div>\n\n\n\n<hr class=\"wp-block-separator has-alpha-channel-opacity\"\/>\n\n\n\n<div class=\"wp-block-media-text alignfull has-media-on-the-right is-stacked-on-mobile is-vertically-aligned-center is-style-default\" style=\"grid-template-columns:auto 26%\"><div class=\"wp-block-media-text__content\">\n<h2 class=\"wp-block-heading has-text-align-center\"><strong>Nuestra metodolog\u00eda genera cambios:<\/strong><\/h2>\n\n\n\n<h3 class=\"wp-block-heading has-text-align-center has-text-color\" style=\"color:#000000\">Trabajamos para incrementar el nivel de conciencia desde la calma, que te permite observar, reconocer el mundo interior para  sanar y luego crear prosperidad para ti y siguientes generaciones .<\/h3>\n\n\n\n<h3 class=\"wp-block-heading has-text-align-center has-text-color\" style=\"color:#000000\">Creemos en la necesidad de cambiar las prioridades de esta sociedad, para ser sostenible y sustentables.<\/h3>\n<\/div><figure class=\"wp-block-media-text__media\"><img decoding=\"async\" width=\"708\" height=\"624\" src=\"https:\/\/mariaalexandra.suarezrios.com\/wp-content\/uploads\/2024\/02\/alex4.jpg\" alt=\"\" class=\"wp-image-1241 size-full\" srcset=\"https:\/\/mariaalexandra.suarezrios.com\/wp-content\/uploads\/2024\/02\/alex4.jpg 708w, https:\/\/mariaalexandra.suarezrios.com\/wp-content\/uploads\/2024\/02\/alex4-300x264.jpg 300w, https:\/\/mariaalexandra.suarezrios.com\/wp-content\/uploads\/2024\/02\/alex4-416x367.jpg 416w\" sizes=\"(max-width: 708px) 100vw, 708px\" \/><\/figure><\/div>\n\n\n\n<div style=\"height:100px\" aria-hidden=\"true\" class=\"wp-block-spacer\"><\/div>\n\n\n<div class=\"wp-block-image\">\n<figure class=\"aligncenter size-full is-resized\"><a href=\"https:\/\/mariaalexandra.suarezrios.com\/wp-content\/uploads\/2023\/08\/image-13.png\"><img loading=\"lazy\" decoding=\"async\" width=\"163\" height=\"91\" src=\"https:\/\/mariaalexandra.suarezrios.com\/wp-content\/uploads\/2023\/08\/image-13.png\" alt=\"\" class=\"wp-image-921\" style=\"width:170px;height:auto\"\/><\/a><\/figure>\n<\/div>\n\n\n<h2 class=\"wp-block-heading has-text-align-center\"> Planeaci\u00f3n Estrat\u00e9gica Integral del Ser Humano <strong>PEISH\u00ae<\/strong><\/h2>\n\n\n\n<h2 class=\"wp-block-heading has-text-align-center\">Nuestra metodolog\u00eda consta de tres pasos que nos permite tener un <strong>mayor nivel de conciencia<\/strong>:<\/h2>\n\n\n\n<div class=\"wp-block-columns alignwide is-layout-flex wp-container-core-columns-is-layout-829b1d53 wp-block-columns-is-layout-flex\" style=\"margin-bottom:0\">\n<div class=\"wp-block-column has-text-color has-background has-link-color wp-elements-faa533a6a69beed8e511cf2969cb5cee is-layout-flow wp-block-column-is-layout-flow\" style=\"color:#000000;background-color:#ffe97d;padding-top:2em;padding-right:2em;padding-bottom:2em;padding-left:2em\">\n<h2 class=\"wp-block-heading has-text-align-center\" id=\"single\" style=\"font-size:40px\">Ser<\/h2>\n\n\n\n<h4 class=\"wp-block-heading\">1) Escuchamos experiencias de aprendizaje y evoluci\u00f3n para reconocer nuestro Ser y nuestro Ego.<\/h4>\n\n\n\n<p><\/p>\n\n\n\n<figure class=\"wp-block-image size-full\"><a href=\"https:\/\/mariaalexandra.suarezrios.com\/wp-content\/uploads\/2023\/08\/image-10.png\"><img loading=\"lazy\" decoding=\"async\" width=\"308\" height=\"206\" src=\"https:\/\/mariaalexandra.suarezrios.com\/wp-content\/uploads\/2023\/08\/image-10.png\" alt=\"\" class=\"wp-image-918\" srcset=\"https:\/\/mariaalexandra.suarezrios.com\/wp-content\/uploads\/2023\/08\/image-10.png 308w, https:\/\/mariaalexandra.suarezrios.com\/wp-content\/uploads\/2023\/08\/image-10-300x201.png 300w\" sizes=\"(max-width: 308px) 100vw, 308px\" \/><\/a><\/figure>\n<\/div>\n\n\n\n<div class=\"wp-block-column has-text-color has-background has-link-color wp-elements-9ce9f867308dc4e535948d1f9ec68406 is-layout-flow wp-block-column-is-layout-flow\" style=\"color:#000000;background-color:#d1d1e1;padding-top:2em;padding-right:2em;padding-bottom:2em;padding-left:2em\">\n<h2 class=\"wp-block-heading has-text-align-center\" id=\"family\" style=\"font-size:40px\">Realidad<\/h2>\n\n\n\n<h4 class=\"wp-block-heading\">2) Reconocemos la realidad, aceptamos la vida y tomamos el poder de cambiar el ahora.<\/h4>\n\n\n\n<p><\/p>\n\n\n\n<figure class=\"wp-block-image size-full is-resized\"><a href=\"https:\/\/mariaalexandra.suarezrios.com\/wp-content\/uploads\/2023\/08\/image-11.png\"><img loading=\"lazy\" decoding=\"async\" width=\"308\" height=\"206\" src=\"https:\/\/mariaalexandra.suarezrios.com\/wp-content\/uploads\/2023\/08\/image-11.png\" alt=\"\" class=\"wp-image-919\" style=\"width:269px;height:auto\" srcset=\"https:\/\/mariaalexandra.suarezrios.com\/wp-content\/uploads\/2023\/08\/image-11.png 308w, https:\/\/mariaalexandra.suarezrios.com\/wp-content\/uploads\/2023\/08\/image-11-300x201.png 300w\" sizes=\"(max-width: 308px) 100vw, 308px\" \/><\/a><\/figure>\n<\/div>\n\n\n\n<div class=\"wp-block-column has-text-color has-background has-link-color wp-elements-c27001a9dc7ec3ba1cc5047a1b38a24b is-layout-flow wp-block-column-is-layout-flow\" style=\"color:#000000;background-color:#c0ebf1;padding-top:2em;padding-right:2em;padding-bottom:2em;padding-left:2em\">\n<h2 class=\"wp-block-heading has-text-align-center\" id=\"patron\" style=\"font-size:40px\">Inspiraci\u00f3n<\/h2>\n\n\n\n<h4 class=\"wp-block-heading\">3) Creamos un nuevo futuro, inspirados en nuestra evoluci\u00f3n, para generar prosperidad.<\/h4>\n\n\n\n<p><\/p>\n\n\n\n<p><\/p>\n\n\n\n<figure class=\"wp-block-image size-full is-resized\"><a href=\"https:\/\/mariaalexandra.suarezrios.com\/wp-content\/uploads\/2023\/08\/image-12.png\"><img loading=\"lazy\" decoding=\"async\" width=\"307\" height=\"206\" src=\"https:\/\/mariaalexandra.suarezrios.com\/wp-content\/uploads\/2023\/08\/image-12.png\" alt=\"\" class=\"wp-image-920\" style=\"width:261px;height:auto\" srcset=\"https:\/\/mariaalexandra.suarezrios.com\/wp-content\/uploads\/2023\/08\/image-12.png 307w, https:\/\/mariaalexandra.suarezrios.com\/wp-content\/uploads\/2023\/08\/image-12-300x201.png 300w\" sizes=\"(max-width: 307px) 100vw, 307px\" \/><\/a><\/figure>\n<\/div>\n<\/div>\n\n\n\n<h3 class=\"wp-block-heading has-text-align-center\">\u00a1Si alcanzamos un mayor nivel de conciencia vamos a crear una humanidad m\u00e1s responsable, para cambiar nuestro exterior debemos reconocer que nos habita en nuestro interior!<\/h3>\n\n\n\n<div class=\"wp-block-media-text alignfull has-media-on-the-right is-stacked-on-mobile is-vertically-aligned-center\" style=\"grid-template-columns:auto 28%\"><div class=\"wp-block-media-text__content\">\n<h1 class=\"wp-block-heading\"><strong>PEISH\u00ae:<\/strong><\/h1>\n\n\n\n<h3 class=\"wp-block-heading has-text-align-center\">En el marco de la maestr\u00eda en Educaci\u00f3n y Desarrollo Cognitivo que realiz\u00f3 Mar\u00eda Alexandra Su\u00e1rez R\u00edos en el Tecnol\u00f3gico de Monterrey, fue validada y se verific\u00f3 que es una metodolog\u00eda que incrementa el nivel de conciencia, desarrolla habilidades socioemocionales y mejora el desempe\u00f1o.<\/h3>\n<\/div><figure class=\"wp-block-media-text__media\"><img loading=\"lazy\" decoding=\"async\" width=\"304\" height=\"210\" src=\"https:\/\/mariaalexandra.suarezrios.com\/wp-content\/uploads\/2020\/11\/tec-monterrey.png\" alt=\"\" class=\"wp-image-599 size-full\" srcset=\"https:\/\/mariaalexandra.suarezrios.com\/wp-content\/uploads\/2020\/11\/tec-monterrey.png 304w, https:\/\/mariaalexandra.suarezrios.com\/wp-content\/uploads\/2020\/11\/tec-monterrey-300x207.png 300w\" sizes=\"(max-width: 304px) 100vw, 304px\" \/><\/figure><\/div>\n\n\n\n<div style=\"height:66px\" aria-hidden=\"true\" class=\"wp-block-spacer\"><\/div>\n\n\n\n<div class=\"wp-block-cover alignfull\" style=\"margin-top:0;margin-bottom:80px;padding-top:3%;padding-right:0%;padding-bottom:10%;padding-left:5%\"><span aria-hidden=\"true\" class=\"wp-block-cover__background has-background-dim\"><\/span><img loading=\"lazy\" decoding=\"async\" width=\"1280\" height=\"963\" class=\"wp-block-cover__image-background wp-image-1359\" alt=\"\" src=\"https:\/\/mariaalexandra.suarezrios.com\/wp-content\/uploads\/2026\/03\/WhatsApp-Image-2026-03-17-at-9.58.27-AM.jpeg\" data-object-fit=\"cover\" srcset=\"https:\/\/mariaalexandra.suarezrios.com\/wp-content\/uploads\/2026\/03\/WhatsApp-Image-2026-03-17-at-9.58.27-AM.jpeg 1280w, https:\/\/mariaalexandra.suarezrios.com\/wp-content\/uploads\/2026\/03\/WhatsApp-Image-2026-03-17-at-9.58.27-AM-300x226.jpeg 300w, https:\/\/mariaalexandra.suarezrios.com\/wp-content\/uploads\/2026\/03\/WhatsApp-Image-2026-03-17-at-9.58.27-AM-1024x770.jpeg 1024w, https:\/\/mariaalexandra.suarezrios.com\/wp-content\/uploads\/2026\/03\/WhatsApp-Image-2026-03-17-at-9.58.27-AM-768x578.jpeg 768w, https:\/\/mariaalexandra.suarezrios.com\/wp-content\/uploads\/2026\/03\/WhatsApp-Image-2026-03-17-at-9.58.27-AM-416x313.jpeg 416w\" sizes=\"(max-width: 1280px) 100vw, 1280px\" \/><div class=\"wp-block-cover__inner-container is-layout-flow wp-block-cover-is-layout-flow\">\n<p class=\"has-text-align-center has-large-font-size\"><\/p>\n<\/div><\/div>\n\n\n\n<h3 class=\"wp-block-heading has-text-align-center\">Es autora de la Planeaci\u00f3n Estrat\u00e9gica Integral del SER Humano PEISH\u00ae, de los libros \u00abEl Poder del Ser\u00bb Transformando tu vida, una mirada interior, De la Econom\u00eda a la Evoluci\u00f3n, Ella un amor verdadero y,&nbsp;Una vida llena de amor.<\/h3>\n\n\n\n<h3 class=\"wp-block-heading has-text-align-center\">En el desarrollo de su ejercicio de economista se puede reconocer las corrientes humanistas y hol\u00edsticas que se apoyan sus conocimientos aplicados al Ser humano, creando un nuevo modelo econ\u00f3mico para la creaci\u00f3n de prosperidad. <\/h3>\n\n\n\n<div class=\"wp-block-media-text alignfull has-media-on-the-right is-stacked-on-mobile is-vertically-aligned-center\" style=\"grid-template-columns:auto 28%\"><div class=\"wp-block-media-text__content\">\n<h2 class=\"wp-block-heading\"><strong>Transformado sociedades:<\/strong><\/h2>\n\n\n\n<h3 class=\"wp-block-heading has-text-align-center\">Dirigimos programas estrat\u00e9gicos de desarrollo humano y formaci\u00f3n ejecutiva para empresas orientadas a crear culturas conscientes, resilientes y altamente productivas con enfoque integral y resultados medibles.<\/h3>\n<\/div><figure class=\"wp-block-media-text__media\"><img loading=\"lazy\" decoding=\"async\" width=\"1024\" height=\"1024\" src=\"https:\/\/mariaalexandra.suarezrios.com\/wp-content\/uploads\/2024\/02\/WhatsApp-Image-2024-02-04-at-10.32.59-AM-3-1024x1024.jpeg\" alt=\"\" class=\"wp-image-1208 size-full\" srcset=\"https:\/\/mariaalexandra.suarezrios.com\/wp-content\/uploads\/2024\/02\/WhatsApp-Image-2024-02-04-at-10.32.59-AM-3-1024x1024.jpeg 1024w, https:\/\/mariaalexandra.suarezrios.com\/wp-content\/uploads\/2024\/02\/WhatsApp-Image-2024-02-04-at-10.32.59-AM-3-300x300.jpeg 300w, https:\/\/mariaalexandra.suarezrios.com\/wp-content\/uploads\/2024\/02\/WhatsApp-Image-2024-02-04-at-10.32.59-AM-3-150x150.jpeg 150w, https:\/\/mariaalexandra.suarezrios.com\/wp-content\/uploads\/2024\/02\/WhatsApp-Image-2024-02-04-at-10.32.59-AM-3-768x768.jpeg 768w, https:\/\/mariaalexandra.suarezrios.com\/wp-content\/uploads\/2024\/02\/WhatsApp-Image-2024-02-04-at-10.32.59-AM-3-324x324.jpeg 324w, https:\/\/mariaalexandra.suarezrios.com\/wp-content\/uploads\/2024\/02\/WhatsApp-Image-2024-02-04-at-10.32.59-AM-3-416x416.jpeg 416w, https:\/\/mariaalexandra.suarezrios.com\/wp-content\/uploads\/2024\/02\/WhatsApp-Image-2024-02-04-at-10.32.59-AM-3-100x100.jpeg 100w, https:\/\/mariaalexandra.suarezrios.com\/wp-content\/uploads\/2024\/02\/WhatsApp-Image-2024-02-04-at-10.32.59-AM-3.jpeg 1080w\" sizes=\"(max-width: 1024px) 100vw, 1024px\" \/><\/figure><\/div>\n\n\n\n<p><\/p>\n\n\n\n<h2 class=\"wp-block-heading has-text-align-center\">M\u00e1s informaci\u00f3n al correo:<\/h2>\n\n\n\n<h2 class=\"wp-block-heading has-text-align-center\"><a href=\"mailto:mariaalex@suarezrios.com\">mariaalex@suarezrios.com<\/a><\/h2>\n\n\n\n<h2 class=\"wp-block-heading has-text-align-center\">Separa tu cita en Facebook:<\/h2>\n\n\n\n<h2 class=\"wp-block-heading has-text-align-center\"><a href=\"https:\/\/www.facebook.com\/life1balance\">https:\/\/www.facebook.com\/life1balance<\/a><\/h2>\n\n\n\n<h2 class=\"wp-block-heading\"><\/h2>\n","protected":false},"excerpt":{"rendered":"<p>Nacimos para construir un puente entre el mundo material-empresarial y espiritual-personal, porque la vida es el camino para aprender y generar un proceso evolutivo permanente. Creemos que las empresas son una suma de personas con sue\u00f1os por cumplir y son parte vital para que las empresas alcancen sus sue\u00f1os. Siendo un intercambio de sue\u00f1os&nbsp;para el [&hellip;]<\/p>\n","protected":false},"author":1,"featured_media":0,"parent":0,"menu_order":0,"comment_status":"closed","ping_status":"closed","template":"","meta":{"footnotes":""},"class_list":["post-18","page","type-page","status-publish","hentry"],"jetpack_sharing_enabled":true,"_links":{"self":[{"href":"https:\/\/mariaalexandra.suarezrios.com\/index.php?rest_route=\/wp\/v2\/pages\/18","targetHints":{"allow":["GET"]}}],"collection":[{"href":"https:\/\/mariaalexandra.suarezrios.com\/index.php?rest_route=\/wp\/v2\/pages"}],"about":[{"href":"https:\/\/mariaalexandra.suarezrios.com\/index.php?rest_route=\/wp\/v2\/types\/page"}],"author":[{"embeddable":true,"href":"https:\/\/mariaalexandra.suarezrios.com\/index.php?rest_route=\/wp\/v2\/users\/1"}],"replies":[{"embeddable":true,"href":"https:\/\/mariaalexandra.suarezrios.com\/index.php?rest_route=%2Fwp%2Fv2%2Fcomments&post=18"}],"version-history":[{"count":92,"href":"https:\/\/mariaalexandra.suarezrios.com\/index.php?rest_route=\/wp\/v2\/pages\/18\/revisions"}],"predecessor-version":[{"id":1385,"href":"https:\/\/mariaalexandra.suarezrios.com\/index.php?rest_route=\/wp\/v2\/pages\/18\/revisions\/1385"}],"wp:attachment":[{"href":"https:\/\/mariaalexandra.suarezrios.com\/index.php?rest_route=%2Fwp%2Fv2%2Fmedia&parent=18"}],"curies":[{"name":"wp","href":"https:\/\/api.w.org\/{rel}","templated":true}]}}